{"id":256077,"date":"2024-03-03T22:13:38","date_gmt":"2024-03-03T21:13:38","guid":{"rendered":"https:\/\/baka-libuna.ch\/faq\/"},"modified":"2024-10-09T20:00:48","modified_gmt":"2024-10-09T19:00:48","slug":"faq","status":"publish","type":"page","link":"https:\/\/baka-libuna.ch\/fr\/faq\/","title":{"rendered":"FAQ"},"content":{"rendered":"<p>[et_pb_section fb_built=\u00a0\u00bb1&Prime; disabled_on=\u00a0\u00bboff|off|off\u00a0\u00bb _builder_version=\u00a0\u00bb4.24.0&Prime; _module_preset=\u00a0\u00bbdefault\u00a0\u00bb custom_margin=\u00a0\u00bb0px||0px||false|false\u00a0\u00bb custom_padding=\u00a0\u00bb0px||0px||false|false\u00a0\u00bb global_colors_info=\u00a0\u00bb{}\u00a0\u00bb][et_pb_row make_equal=\u00a0\u00bbon\u00a0\u00bb module_id=\u00a0\u00bbverein\u00a0\u00bb _builder_version=\u00a0\u00bb4.25.0&Prime; _module_preset=\u00a0\u00bbdefault\u00a0\u00bb background_color=\u00a0\u00bb#FFFFFF\u00a0\u00bb use_background_color_gradient=\u00a0\u00bbon\u00a0\u00bb background_color_gradient_stops=\u00a0\u00bbrgba(255,255,255,0) 70%|gcid-94987f1e-598a-4fe3-956e-76ca39c5e564 100%\u00a0\u00bb background_color_gradient_overlays_image=\u00a0\u00bbon\u00a0\u00bb background_image=\u00a0\u00bbhttps:\/\/baka-libuna.ch\/wp-content\/uploads\/2024\/03\/45-FAQ-zugeschnitten_1200.jpg\u00a0\u00bb width=\u00a0\u00bb100%\u00a0\u00bb height=\u00a0\u00bb600px\u00a0\u00bb height_tablet=\u00a0\u00bb300px\u00a0\u00bb height_phone=\u00a0\u00bb300px\u00a0\u00bb height_last_edited=\u00a0\u00bbon|phone\u00a0\u00bb custom_padding=\u00a0\u00bb||||false|false\u00a0\u00bb animation_style=\u00a0\u00bbfade\u00a0\u00bb hover_enabled=\u00a0\u00bb0&Prime; custom_css_main_element=\u00a0\u00bbmargin:auto;\u00a0\u00bb locked=\u00a0\u00bboff\u00a0\u00bb global_colors_info=\u00a0\u00bb{%22gcid-94987f1e-598a-4fe3-956e-76ca39c5e564%22:%91%22background_color_gradient_stops%22%93}\u00a0\u00bb title_text=\u00a0\u00bb45-FAQ-zugeschnitten_1200&Prime; sticky_enabled=\u00a0\u00bb0&Prime;][et_pb_column type=\u00a0\u00bb4_4&Prime; _builder_version=\u00a0\u00bb4.24.3&Prime; _module_preset=\u00a0\u00bbdefault\u00a0\u00bb custom_padding=\u00a0\u00bb||||false|false\u00a0\u00bb global_colors_info=\u00a0\u00bb{}\u00a0\u00bb][et_pb_text _builder_version=\u00a0\u00bb4.25.0&Prime; _module_preset=\u00a0\u00bbdefault\u00a0\u00bb text_font=\u00a0\u00bb|600|||||||\u00a0\u00bb text_text_color=\u00a0\u00bb#FFFFFF\u00a0\u00bb text_font_size=\u00a0\u00bb57px\u00a0\u00bb custom_margin=\u00a0\u00bb480px|0px|0px|40px|false|false\u00a0\u00bb custom_margin_tablet=\u00a0\u00bb180px|0px|0px|40px|false|false\u00a0\u00bb custom_margin_phone=\u00a0\u00bb160px||||false|false\u00a0\u00bb custom_margin_last_edited=\u00a0\u00bbon|desktop\u00a0\u00bb custom_padding=\u00a0\u00bb0px|0px|0px|0px|false|false\u00a0\u00bb hover_enabled=\u00a0\u00bb0&Prime; text_font_size_tablet=\u00a0\u00bb57px\u00a0\u00bb text_font_size_phone=\u00a0\u00bb40px\u00a0\u00bb text_font_size_last_edited=\u00a0\u00bbon|tablet\u00a0\u00bb text_text_shadow_style=\u00a0\u00bbpreset3&Prime; global_colors_info=\u00a0\u00bb{}\u00a0\u00bb text_line_height=\u00a0\u00bb1em\u00a0\u00bb sticky_enabled=\u00a0\u00bb0&Prime;]<\/p>\n<p>FAQ<\/p>\n<p>[\/et_pb_text][\/et_pb_column][\/et_pb_row][\/et_pb_section][et_pb_section fb_built=\u00a0\u00bb1&Prime; custom_padding_last_edited=\u00a0\u00bbon|desktop\u00a0\u00bb admin_label=\u00a0\u00bbwerte\u00a0\u00bb module_id=\u00a0\u00bbvaleurs\u00a0\u00bb _builder_version=\u00a0\u00bb4.24.2&Prime; _module_preset=\u00a0\u00bbdefault\u00a0\u00bb custom_padding=\u00a0\u00bb0px||175px||false|false\u00a0\u00bb custom_padding_tablet=\u00a0\u00bb0px||120px||false|false\u00a0\u00bb custom_padding_phone=\u00a0\u00bb80px||80px||false|false\u00a0\u00bb locked=\u00a0\u00bboff\u00a0\u00bb global_colors_info=\u00a0\u00bb{}\u00a0\u00bb][et_pb_row use_custom_gutter=\u00a0\u00bbon\u00a0\u00bb gutter_width=\u00a0\u00bb4&Prime; _builder_version=\u00a0\u00bb4.24.0&Prime; _module_preset=\u00a0\u00bbdefault\u00a0\u00bb width=\u00a0\u00bb90%\u00a0\u00bb custom_margin=\u00a0\u00bb||||false|false\u00a0\u00bb custom_padding=\u00a0\u00bb0px||0px||false|false\u00a0\u00bb animation_direction=\u00a0\u00bbbottom\u00a0\u00bb locked=\u00a0\u00bboff\u00a0\u00bb global_colors_info=\u00a0\u00bb{}\u00a0\u00bb][et_pb_column type=\u00a0\u00bb4_4&Prime; _builder_version=\u00a0\u00bb4.24.0&Prime; _module_preset=\u00a0\u00bbdefault\u00a0\u00bb custom_padding=\u00a0\u00bb100px|40px|40px|40px|false|false\u00a0\u00bb custom_padding_tablet=\u00a0\u00bb100px|40px|40px|40px|false|false\u00a0\u00bb custom_padding_phone=\u00a0\u00bb0px|0px|40px|0px|false|false\u00a0\u00bb custom_padding_last_edited=\u00a0\u00bbon|phone\u00a0\u00bb animation_style=\u00a0\u00bbslide\u00a0\u00bb animation_direction=\u00a0\u00bbbottom\u00a0\u00bb animation_duration=\u00a0\u00bb600ms\u00a0\u00bb animation_delay=\u00a0\u00bb500ms\u00a0\u00bb animation_intensity_slide=\u00a0\u00bb10%\u00a0\u00bb animation_speed_curve=\u00a0\u00bbease\u00a0\u00bb custom_css_main_element=\u00a0\u00bb||margin: auto;\u00a0\u00bb global_colors_info=\u00a0\u00bb{}\u00a0\u00bb background__hover_enabled=\u00a0\u00bbon|hover\u00a0\u00bb][et_pb_text disabled_on=\u00a0\u00bboff|off|off\u00a0\u00bb _builder_version=\u00a0\u00bb4.24.0&Prime; _module_preset=\u00a0\u00bbdefault\u00a0\u00bb header_text_color=\u00a0\u00bb#016000&Prime; header_3_font=\u00a0\u00bbDM Sans|700|||||||\u00a0\u00bb header_3_text_align=\u00a0\u00bbcenter\u00a0\u00bb header_3_text_color=\u00a0\u00bb#016000&Prime; max_width=\u00a0\u00bb1280%\u00a0\u00bb max_width_tablet=\u00a0\u00bb100%\u00a0\u00bb max_width_phone=\u00a0\u00bb100%\u00a0\u00bb max_width_last_edited=\u00a0\u00bbon|tablet\u00a0\u00bb custom_margin=\u00a0\u00bb0px||25px||false|false\u00a0\u00bb custom_padding=\u00a0\u00bb0px||0px||false|false\u00a0\u00bb animation_intensity_slide=\u00a0\u00bb10%\u00a0\u00bb header_text_align_tablet=\u00a0\u00bbcenter\u00a0\u00bb header_text_align_phone=\u00a0\u00bbcenter\u00a0\u00bb header_text_align_last_edited=\u00a0\u00bbon|tablet\u00a0\u00bb header_3_text_align_tablet=\u00a0\u00bbcenter\u00a0\u00bb header_3_text_align_phone=\u00a0\u00bbcenter\u00a0\u00bb header_3_text_align_last_edited=\u00a0\u00bbon|tablet\u00a0\u00bb header_3_font_size_tablet=\u00a0\u00bb57px\u00a0\u00bb header_3_font_size_phone=\u00a0\u00bb37px\u00a0\u00bb header_3_font_size_last_edited=\u00a0\u00bbon|phone\u00a0\u00bb global_colors_info=\u00a0\u00bb{}\u00a0\u00bb]<\/p>\n<h3>Questions et r\u00e9ponses<\/h3>\n<p>[\/et_pb_text][et_pb_text _builder_version=\u00a0\u00bb4.24.0&Prime; _module_preset=\u00a0\u00bbdefault\u00a0\u00bb header_5_text_align=\u00a0\u00bbcenter\u00a0\u00bb max_width=\u00a0\u00bb80%\u00a0\u00bb max_width_tablet=\u00a0\u00bb80%\u00a0\u00bb max_width_phone=\u00a0\u00bb100%\u00a0\u00bb max_width_last_edited=\u00a0\u00bbon|phone\u00a0\u00bb module_alignment=\u00a0\u00bbcenter\u00a0\u00bb locked=\u00a0\u00bboff\u00a0\u00bb global_colors_info=\u00a0\u00bb{}\u00a0\u00bb]<\/p>\n<h5>Vous avez des questions ? Nous avons les r\u00e9ponses. <\/h5>\n<p>[\/et_pb_text][et_pb_accordion module_class=\u00a0\u00bbmy_accordion\u00a0\u00bb _builder_version=\u00a0\u00bb4.24.3&Prime; _module_preset=\u00a0\u00bbdefault\u00a0\u00bb width=\u00a0\u00bb77%\u00a0\u00bb module_alignment=\u00a0\u00bbcenter\u00a0\u00bb animation_style=\u00a0\u00bbslide\u00a0\u00bb animation_direction=\u00a0\u00bbbottom\u00a0\u00bb animation_intensity_slide=\u00a0\u00bb10%\u00a0\u00bb global_colors_info=\u00a0\u00bb{}\u00a0\u00bb][et_pb_accordion_item title=\u00a0\u00bbQui sont les Baka ?\u00a0\u00bb open=\u00a0\u00bbon\u00a0\u00bb _builder_version=\u00a0\u00bb4.24.2&Prime; _module_preset=\u00a0\u00bbdefault\u00a0\u00bb body_font_size=\u00a0\u00bb17px\u00a0\u00bb body_letter_spacing=\u00a0\u00bb0.02em\u00a0\u00bb global_colors_info=\u00a0\u00bb{}\u00a0\u00bb toggle_text_color=\u00a0\u00bb#016000&Prime; toggle_font=\u00a0\u00bb|600|||||||\u00a0\u00bb]<\/p>\n<p style=\"font-weight: 400;\">Les Pygm\u00e9es Baka sont un groupe indig\u00e8ne vivant en Afrique centrale. Ils sont connus pour leur culture unique et leur mode de vie traditionnel de chasseurs-cueilleurs. <\/p>\n<p>[\/et_pb_accordion_item][et_pb_accordion_item title=\u00a0\u00bbQuels sont les principaux d\u00e9fis auxquels les Pygm\u00e9es Baka sont confront\u00e9s ?  \u00a0\u00bb _builder_version=\u00a0\u00bb4.24.2&Prime; _module_preset=\u00a0\u00bbdefault\u00a0\u00bb body_font_size=\u00a0\u00bb17px\u00a0\u00bb body_letter_spacing=\u00a0\u00bb0.02em\u00a0\u00bb global_colors_info=\u00a0\u00bb{}\u00a0\u00bb toggle_text_color=\u00a0\u00bb#016000&Prime; toggle_font=\u00a0\u00bb|600|||||||\u00a0\u00bb open=\u00a0\u00bboff\u00a0\u00bb]<\/p>\n<p style=\"font-weight: 400;\"><span>Les principaux d\u00e9fis auxquels sont confront\u00e9s les Pygm\u00e9es Baka sont la destruction de leur habitat, la discrimination et l&rsquo;exploitation par d&rsquo;autres groupes, l&rsquo;acc\u00e8s limit\u00e9 \u00e0 l&rsquo;\u00e9ducation et aux soins de sant\u00e9, ainsi que la pauvret\u00e9 et l&rsquo;isolement.<\/span><\/p>\n<p>[\/et_pb_accordion_item][et_pb_accordion_item title=\u00a0\u00bbQue fait votre organisation pour am\u00e9liorer la vie des Pygm\u00e9es Baka ?\u00a0\u00bb _builder_version=\u00a0\u00bb4.24.0&Prime; _module_preset=\u00a0\u00bbdefault\u00a0\u00bb body_font_size=\u00a0\u00bb17px\u00a0\u00bb body_letter_spacing=\u00a0\u00bb0.02em\u00a0\u00bb global_colors_info=\u00a0\u00bb{}\u00a0\u00bb toggle_text_color=\u00a0\u00bb#016000&Prime; toggle_font=\u00a0\u00bb|600|||||||\u00a0\u00bb open=\u00a0\u00bboff\u00a0\u00bb]<\/p>\n<p style=\"font-weight: 400;\"><span>Notre organisation s&rsquo;efforce de cr\u00e9er des moyens de subsistance alternatifs pour les Pygm\u00e9es Baka afin de les rendre moins d\u00e9pendants des conditions de travail abusives, et nous soutenons des initiatives en mati\u00e8re d&rsquo;\u00e9ducation et de sant\u00e9 afin d&rsquo;am\u00e9liorer leur acc\u00e8s \u00e0 ces services de base.<\/span><\/p>\n<p>[\/et_pb_accordion_item][et_pb_accordion_item title=\u00a0\u00bbComment puis-je contribuer ?\u00a0\u00bb _builder_version=\u00a0\u00bb4.24.0&Prime; _module_preset=\u00a0\u00bbdefault\u00a0\u00bb body_font_size=\u00a0\u00bb17px\u00a0\u00bb body_letter_spacing=\u00a0\u00bb0.02em\u00a0\u00bb global_colors_info=\u00a0\u00bb{}\u00a0\u00bb toggle_text_color=\u00a0\u00bb#016000&Prime; toggle_font=\u00a0\u00bb|600|||||||\u00a0\u00bb open=\u00a0\u00bboff\u00a0\u00bb]<\/p>\n<p style=\"font-weight: 400;\"><span>Il existe de nombreuses fa\u00e7ons d&rsquo;aider, comme les dons, le b\u00e9n\u00e9volat ou la diffusion d&rsquo;informations sur la situation des Pygm\u00e9es Baka.  <\/span><\/p>\n<p>[\/et_pb_accordion_item][et_pb_accordion_item title=\u00a0\u00bbQuelle part de ma donation va directement aux Pygm\u00e9es Baka ?\u00a0\u00bb _builder_version=\u00a0\u00bb4.24.0&Prime; _module_preset=\u00a0\u00bbdefault\u00a0\u00bb body_font_size=\u00a0\u00bb17px\u00a0\u00bb body_letter_spacing=\u00a0\u00bb0.02em\u00a0\u00bb global_colors_info=\u00a0\u00bb{}\u00a0\u00bb toggle_text_color=\u00a0\u00bb#016000&Prime; toggle_font=\u00a0\u00bb|600|||||||\u00a0\u00bb open=\u00a0\u00bboff\u00a0\u00bb]<\/p>\n<p style=\"font-weight: 400;\"><span>Nous nous effor\u00e7ons de faire en sorte que la plus grande partie possible de votre don aille directement aux Pygm\u00e9es Baka. Tous les membres de l&rsquo;association Baka Libuna travaillent sans \u00eatre r\u00e9mun\u00e9r\u00e9s, ce qui permet d&rsquo;investir le montant maximum possible dans l&rsquo;avenir des Baka de Mballam. <\/span><\/p>\n<p>[\/et_pb_accordion_item][et_pb_accordion_item title=\u00a0\u00bbLa transition d&apos;une culture de chasseurs-cueilleurs vers l&apos;agriculture ne conduit-elle pas \u00e0 la perte de son identit\u00e9 et de sa culture ?\u00a0\u00bb _builder_version=\u00a0\u00bb4.24.2&Prime; _module_preset=\u00a0\u00bbdefault\u00a0\u00bb body_font_size=\u00a0\u00bb17px\u00a0\u00bb body_letter_spacing=\u00a0\u00bb0.02em\u00a0\u00bb global_colors_info=\u00a0\u00bb{}\u00a0\u00bb toggle_text_color=\u00a0\u00bb#016000&Prime; toggle_font=\u00a0\u00bb|600|||||||\u00a0\u00bb open=\u00a0\u00bboff\u00a0\u00bb]<\/p>\n<p style=\"font-weight: 400;\"><span>Nous tenons \u00e0 ce que les Baka n&rsquo;aient le choix que de se consacrer \u00e0 l&rsquo;agriculture et de conserver leur identit\u00e9 de chasseurs-cueilleurs aussi longtemps que possible. La tendance est clairement \u00e0 l&rsquo;urgence de construire une alternative. <\/span><\/p>\n<p>[\/et_pb_accordion_item][et_pb_accordion_item title=\u00a0\u00bbComment votre organisation soutient-elle la culture et les traditions des Pygm\u00e9es Baka ?\u00a0\u00bb _builder_version=\u00a0\u00bb4.24.2&Prime; _module_preset=\u00a0\u00bbdefault\u00a0\u00bb body_font_size=\u00a0\u00bb17px\u00a0\u00bb body_letter_spacing=\u00a0\u00bb0.02em\u00a0\u00bb global_colors_info=\u00a0\u00bb{}\u00a0\u00bb toggle_text_color=\u00a0\u00bb#016000&Prime; toggle_font=\u00a0\u00bb|600|||||||\u00a0\u00bb open=\u00a0\u00bboff\u00a0\u00bb]<\/p>\n<p style=\"font-weight: 400;\"><span>Nous pensons que la culture et les traditions des Pygm\u00e9es Baka sont une partie importante de leur identit\u00e9 et de leur histoire. Nous cherchons avec eux des moyens de s&rsquo;adapter \u00e0 la modernit\u00e9 sans perdre leur identit\u00e9. Ainsi, leur calendrier de cueillette et de chasse est align\u00e9 sur le calendrier agricole afin de rendre les deux possibles.  <\/span><\/p>\n<p>[\/et_pb_accordion_item][et_pb_accordion_item title=\u00a0\u00bbQuelle m\u00e9thode utilisez-vous pour planifier et g\u00e9rer les projets ?\u00a0\u00bb _builder_version=\u00a0\u00bb4.24.2&Prime; _module_preset=\u00a0\u00bbdefault\u00a0\u00bb body_font_size=\u00a0\u00bb17px\u00a0\u00bb body_letter_spacing=\u00a0\u00bb0.02em\u00a0\u00bb global_colors_info=\u00a0\u00bb{}\u00a0\u00bb toggle_text_color=\u00a0\u00bb#016000&Prime; toggle_font=\u00a0\u00bb|600|||||||\u00a0\u00bb open=\u00a0\u00bboff\u00a0\u00bb]<\/p>\n<p style=\"font-weight: 400;\"><span>Nous utilisons les m\u00e9thodes classiques de planification de projet telles que l&rsquo;analyse de l&rsquo;environnement et des parties prenantes, l&rsquo;analyse participative des probl\u00e8mes avec un arbre des probl\u00e8mes hi\u00e9rarchis\u00e9 suivi d&rsquo;une inversion en objectifs prioritaires et l&rsquo;analyse des risques. La diff\u00e9rence de l&rsquo;approche choisie r\u00e9side dans la flexibilit\u00e9 accept\u00e9e et voulue dans la mise en \u0153uvre des plans. Les cadres logiques avec des indicateurs d&rsquo;impact, de r\u00e9sultat et d&rsquo;output et les activit\u00e9s programm\u00e9es qui sont coch\u00e9es p\u00e9riodiquement sont des outils trop rigides pour la Baka, c&rsquo;est pourquoi nous avons choisi l&rsquo;adaptation it\u00e9rative guid\u00e9e par les probl\u00e8mes (PDIA).  <\/span><\/p>\n<p>[\/et_pb_accordion_item][et_pb_accordion_item title=\u00a0\u00bbComment fonctionne le PDIA dans votre projet ?\u00a0\u00bb _builder_version=\u00a0\u00bb4.24.2&Prime; _module_preset=\u00a0\u00bbdefault\u00a0\u00bb body_font_size=\u00a0\u00bb17px\u00a0\u00bb body_letter_spacing=\u00a0\u00bb0.02em\u00a0\u00bb global_colors_info=\u00a0\u00bb{}\u00a0\u00bb toggle_text_color=\u00a0\u00bb#016000&Prime; toggle_font=\u00a0\u00bb|600|||||||\u00a0\u00bb open=\u00a0\u00bboff\u00a0\u00bb]<\/p>\n<p style=\"font-weight: 400;\"><span>Nous avons choisi l&rsquo;approche de l&rsquo;adaptation it\u00e9rative guid\u00e9e par les probl\u00e8mes (PDIA) parce qu&rsquo;elle est plus adapt\u00e9e \u00e0 la vie r\u00e9elle et au fonctionnement de la soci\u00e9t\u00e9 baka. Les objectifs sont d\u00e9finis conjointement et les ressources en termes de financement et d&rsquo;accompagnement technique sont mises \u00e0 disposition, mais plut\u00f4t que de suivre un plan rigide, un processus progressif permet un apprentissage et une adaptation flexibles. <\/span><\/p>\n<p>[\/et_pb_accordion_item][et_pb_accordion_item title=\u00a0\u00bbComment vous assurez-vous que votre travail est durable ?\u00a0\u00bb _builder_version=\u00a0\u00bb4.24.2&Prime; _module_preset=\u00a0\u00bbdefault\u00a0\u00bb body_font_size=\u00a0\u00bb17px\u00a0\u00bb body_letter_spacing=\u00a0\u00bb0.02em\u00a0\u00bb global_colors_info=\u00a0\u00bb{}\u00a0\u00bb toggle_text_color=\u00a0\u00bb#016000&Prime; toggle_font=\u00a0\u00bb|600|||||||\u00a0\u00bb open=\u00a0\u00bboff\u00a0\u00bb]<\/p>\n<p style=\"font-weight: 400;\"><span>Notre organisation accorde une grande importance \u00e0 la durabilit\u00e9. Nous nous engageons \u00e0 ce que notre travail ait un impact positif \u00e0 long terme et ne conduise pas \u00e0 une d\u00e9pendance suppl\u00e9mentaire ou \u00e0 la destruction de l&rsquo;environnement. Une fois le projet termin\u00e9, les Baka doivent \u00eatre financi\u00e8rement en mesure de mener leur vie de mani\u00e8re autonome, sans aide ext\u00e9rieure. Nous consid\u00e9rons ce projet comme un investissement et non comme une \u0153uvre de charit\u00e9.   <\/span><\/p>\n<p>[\/et_pb_accordion_item][et_pb_accordion_item title=\u00a0\u00bbComment puis-je en savoir plus sur les Pygm\u00e9es Baka et leur travail ?\u00a0\u00bb _builder_version=\u00a0\u00bb4.24.2&Prime; _module_preset=\u00a0\u00bbdefault\u00a0\u00bb body_font_size=\u00a0\u00bb17px\u00a0\u00bb body_letter_spacing=\u00a0\u00bb0.02em\u00a0\u00bb global_colors_info=\u00a0\u00bb{}\u00a0\u00bb toggle_text_color=\u00a0\u00bb#016000&Prime; toggle_font=\u00a0\u00bb|600|||||||\u00a0\u00bb open=\u00a0\u00bboff\u00a0\u00bb]<\/p>\n<p style=\"font-weight: 400;\"><span>Visitez notre site web pour obtenir plus d&rsquo;informations sur les Pygm\u00e9es Baka et notre travail. Vous pouvez \u00e9galement nous contacter pour poser des questions ou vous inscrire pour recevoir des mises \u00e0 jour et des nouvelles. <\/span><\/p>\n<p>[\/et_pb_accordion_item][\/et_pb_accordion][\/et_pb_column][\/et_pb_row][\/et_pb_section]<\/p>\n","protected":false},"excerpt":{"rendered":"<p>FAQQuestions et r\u00e9ponsesVous avez des questions ? Nous avons les r\u00e9ponses. Les Pygm\u00e9es Baka sont un groupe indig\u00e8ne vivant en Afrique centrale. Ils sont connus pour leur culture unique et leur mode de vie traditionnel de chasseurs-cueilleurs. Les principaux d\u00e9fis auxquels sont confront\u00e9s les Pygm\u00e9es Baka sont la destruction de leur habitat, la discrimination et [&hellip;]<\/p>\n","protected":false},"author":1,"featured_media":0,"parent":0,"menu_order":0,"comment_status":"closed","ping_status":"closed","template":"","meta":{"_acf_changed":false,"_et_pb_use_builder":"on","_et_pb_old_content":"","_et_gb_content_width":"","footnotes":""},"class_list":["post-256077","page","type-page","status-publish","hentry"],"acf":[],"_links":{"self":[{"href":"https:\/\/baka-libuna.ch\/fr\/wp-json\/wp\/v2\/pages\/256077","targetHints":{"allow":["GET"]}}],"collection":[{"href":"https:\/\/baka-libuna.ch\/fr\/wp-json\/wp\/v2\/pages"}],"about":[{"href":"https:\/\/baka-libuna.ch\/fr\/wp-json\/wp\/v2\/types\/page"}],"author":[{"embeddable":true,"href":"https:\/\/baka-libuna.ch\/fr\/wp-json\/wp\/v2\/users\/1"}],"replies":[{"embeddable":true,"href":"https:\/\/baka-libuna.ch\/fr\/wp-json\/wp\/v2\/comments?post=256077"}],"version-history":[{"count":2,"href":"https:\/\/baka-libuna.ch\/fr\/wp-json\/wp\/v2\/pages\/256077\/revisions"}],"predecessor-version":[{"id":256079,"href":"https:\/\/baka-libuna.ch\/fr\/wp-json\/wp\/v2\/pages\/256077\/revisions\/256079"}],"wp:attachment":[{"href":"https:\/\/baka-libuna.ch\/fr\/wp-json\/wp\/v2\/media?parent=256077"}],"curies":[{"name":"wp","href":"https:\/\/api.w.org\/{rel}","templated":true}]}}