{"id":256083,"date":"2024-03-11T23:34:18","date_gmt":"2024-03-11T22:34:18","guid":{"rendered":"https:\/\/baka-libuna.ch\/miel\/"},"modified":"2025-02-05T18:04:23","modified_gmt":"2025-02-05T17:04:23","slug":"miel","status":"publish","type":"page","link":"https:\/\/baka-libuna.ch\/fr\/miel\/","title":{"rendered":"Miel"},"content":{"rendered":"<p>[et_pb_section fb_built=\u00a0\u00bb1&Prime; disabled_on=\u00a0\u00bboff|off|off\u00a0\u00bb admin_label=\u00a0\u00bbBaka Haupttitel\u00a0\u00bb module_id=\u00a0\u00bbbaka\u00a0\u00bb _builder_version=\u00a0\u00bb4.24.2&Prime; _module_preset=\u00a0\u00bbdefault\u00a0\u00bb custom_margin=\u00a0\u00bb0px||0px||false|false\u00a0\u00bb custom_padding=\u00a0\u00bb0px||0px||false|false\u00a0\u00bb da_disable_devices=\u00a0\u00bboff|off|off\u00a0\u00bb global_colors_info=\u00a0\u00bb{}\u00a0\u00bb da_is_popup=\u00a0\u00bboff\u00a0\u00bb da_exit_intent=\u00a0\u00bboff\u00a0\u00bb da_has_close=\u00a0\u00bbon\u00a0\u00bb da_alt_close=\u00a0\u00bboff\u00a0\u00bb da_dark_close=\u00a0\u00bboff\u00a0\u00bb da_not_modal=\u00a0\u00bbon\u00a0\u00bb da_is_singular=\u00a0\u00bboff\u00a0\u00bb da_with_loader=\u00a0\u00bboff\u00a0\u00bb da_has_shadow=\u00a0\u00bbon\u00a0\u00bb][et_pb_row make_equal=\u00a0\u00bbon\u00a0\u00bb module_id=\u00a0\u00bbverein\u00a0\u00bb _builder_version=\u00a0\u00bb4.25.0&Prime; _module_preset=\u00a0\u00bbdefault\u00a0\u00bb background_color=\u00a0\u00bb#FFFFFF\u00a0\u00bb use_background_color_gradient=\u00a0\u00bbon\u00a0\u00bb background_color_gradient_stops=\u00a0\u00bbrgba(255,255,255,0) 70%|gcid-94987f1e-598a-4fe3-956e-76ca39c5e564 100%\u00a0\u00bb background_color_gradient_overlays_image=\u00a0\u00bbon\u00a0\u00bb background_image=\u00a0\u00bbhttps:\/\/baka-libuna.ch\/wp-content\/uploads\/2024\/03\/28-Honig-zugeschnitten_1200.jpg\u00a0\u00bb width=\u00a0\u00bb100%\u00a0\u00bb height=\u00a0\u00bb600px\u00a0\u00bb height_tablet=\u00a0\u00bb300px\u00a0\u00bb height_phone=\u00a0\u00bb300px\u00a0\u00bb height_last_edited=\u00a0\u00bbon|phone\u00a0\u00bb custom_padding=\u00a0\u00bb||||false|false\u00a0\u00bb animation_style=\u00a0\u00bbfade\u00a0\u00bb custom_css_main_element=\u00a0\u00bbmargin:auto;\u00a0\u00bb locked=\u00a0\u00bboff\u00a0\u00bb global_colors_info=\u00a0\u00bb{%22gcid-94987f1e-598a-4fe3-956e-76ca39c5e564%22:%91%22background_color_gradient_stops%22%93}\u00a0\u00bb][et_pb_column type=\u00a0\u00bb4_4&Prime; _builder_version=\u00a0\u00bb4.24.3&Prime; _module_preset=\u00a0\u00bbdefault\u00a0\u00bb custom_padding=\u00a0\u00bb||||false|false\u00a0\u00bb global_colors_info=\u00a0\u00bb{}\u00a0\u00bb][et_pb_text _builder_version=\u00a0\u00bb4.25.0&Prime; _module_preset=\u00a0\u00bbdefault\u00a0\u00bb text_font=\u00a0\u00bb|600|||||||\u00a0\u00bb text_text_color=\u00a0\u00bb#FFFFFF\u00a0\u00bb text_font_size=\u00a0\u00bb57px\u00a0\u00bb text_line_height=\u00a0\u00bb1em\u00a0\u00bb custom_margin=\u00a0\u00bb480px|0px|0px|40px|false|false\u00a0\u00bb custom_margin_tablet=\u00a0\u00bb180px|0px|0px|40px|false|false\u00a0\u00bb custom_margin_phone=\u00a0\u00bb160px||||false|false\u00a0\u00bb custom_margin_last_edited=\u00a0\u00bbon|desktop\u00a0\u00bb custom_padding=\u00a0\u00bb0px|0px|0px|0px|false|false\u00a0\u00bb text_font_size_tablet=\u00a0\u00bb57px\u00a0\u00bb text_font_size_phone=\u00a0\u00bb40px\u00a0\u00bb text_font_size_last_edited=\u00a0\u00bbon|tablet\u00a0\u00bb text_text_shadow_style=\u00a0\u00bbpreset3&Prime; global_colors_info=\u00a0\u00bb{}\u00a0\u00bb]<\/p>\n<p>Miel<\/p>\n<p>[\/et_pb_text][\/et_pb_column][\/et_pb_row][\/et_pb_section][et_pb_section fb_built=\u00a0\u00bb1&Prime; custom_padding_last_edited=\u00a0\u00bbon|desktop\u00a0\u00bb _builder_version=\u00a0\u00bb4.24.2&Prime; _module_preset=\u00a0\u00bbdefault\u00a0\u00bb custom_padding=\u00a0\u00bb0px||130px||false|false\u00a0\u00bb custom_padding_tablet=\u00a0\u00bb0px||120px||false|false\u00a0\u00bb custom_padding_phone=\u00a0\u00bb80px||80px||false|false\u00a0\u00bb da_disable_devices=\u00a0\u00bboff|off|off\u00a0\u00bb locked=\u00a0\u00bboff\u00a0\u00bb global_colors_info=\u00a0\u00bb{}\u00a0\u00bb da_is_popup=\u00a0\u00bboff\u00a0\u00bb da_exit_intent=\u00a0\u00bboff\u00a0\u00bb da_has_close=\u00a0\u00bbon\u00a0\u00bb da_alt_close=\u00a0\u00bboff\u00a0\u00bb da_dark_close=\u00a0\u00bboff\u00a0\u00bb da_not_modal=\u00a0\u00bbon\u00a0\u00bb da_is_singular=\u00a0\u00bboff\u00a0\u00bb da_with_loader=\u00a0\u00bboff\u00a0\u00bb da_has_shadow=\u00a0\u00bbon\u00a0\u00bb][et_pb_row use_custom_gutter=\u00a0\u00bbon\u00a0\u00bb gutter_width=\u00a0\u00bb4&Prime; _builder_version=\u00a0\u00bb4.24.0&Prime; _module_preset=\u00a0\u00bbdefault\u00a0\u00bb width=\u00a0\u00bb90%\u00a0\u00bb custom_margin=\u00a0\u00bb||||false|false\u00a0\u00bb custom_padding=\u00a0\u00bb0px||0px||false|false\u00a0\u00bb locked=\u00a0\u00bboff\u00a0\u00bb global_colors_info=\u00a0\u00bb{}\u00a0\u00bb][et_pb_column type=\u00a0\u00bb4_4&Prime; _builder_version=\u00a0\u00bb4.24.0&Prime; _module_preset=\u00a0\u00bbdefault\u00a0\u00bb custom_padding=\u00a0\u00bb100px|40px|40px|40px|false|false\u00a0\u00bb custom_padding_tablet=\u00a0\u00bb100px|40px|40px|40px|false|false\u00a0\u00bb custom_padding_phone=\u00a0\u00bb0px|0px|40px|0px|false|false\u00a0\u00bb custom_padding_last_edited=\u00a0\u00bbon|tablet\u00a0\u00bb animation_style=\u00a0\u00bbslide\u00a0\u00bb animation_direction=\u00a0\u00bbbottom\u00a0\u00bb animation_duration=\u00a0\u00bb600ms\u00a0\u00bb animation_delay=\u00a0\u00bb500ms\u00a0\u00bb animation_intensity_slide=\u00a0\u00bb10%\u00a0\u00bb animation_speed_curve=\u00a0\u00bbease\u00a0\u00bb custom_css_main_element=\u00a0\u00bb||margin: auto;\u00a0\u00bb global_colors_info=\u00a0\u00bb{}\u00a0\u00bb background__hover_enabled=\u00a0\u00bbon|hover\u00a0\u00bb][et_pb_text disabled_on=\u00a0\u00bbon|on|on\u00a0\u00bb _builder_version=\u00a0\u00bb4.24.0&Prime; _module_preset=\u00a0\u00bbdefault\u00a0\u00bb header_text_color=\u00a0\u00bb#016000&Prime; header_3_font=\u00a0\u00bbDM Sans|700|||||||\u00a0\u00bb header_3_text_align=\u00a0\u00bbcenter\u00a0\u00bb header_3_text_color=\u00a0\u00bb#016000&Prime; max_width=\u00a0\u00bb1280%\u00a0\u00bb max_width_tablet=\u00a0\u00bb100%\u00a0\u00bb max_width_phone=\u00a0\u00bb100%\u00a0\u00bb max_width_last_edited=\u00a0\u00bbon|tablet\u00a0\u00bb custom_margin=\u00a0\u00bb0px||25px||false|false\u00a0\u00bb custom_padding=\u00a0\u00bb0px||0px||false|false\u00a0\u00bb header_text_align_tablet=\u00a0\u00bbcenter\u00a0\u00bb header_text_align_phone=\u00a0\u00bbcenter\u00a0\u00bb header_text_align_last_edited=\u00a0\u00bbon|tablet\u00a0\u00bb header_3_text_align_tablet=\u00a0\u00bbcenter\u00a0\u00bb header_3_text_align_phone=\u00a0\u00bbcenter\u00a0\u00bb header_3_text_align_last_edited=\u00a0\u00bbon|tablet\u00a0\u00bb header_3_font_size_tablet=\u00a0\u00bb57px\u00a0\u00bb header_3_font_size_phone=\u00a0\u00bb37px\u00a0\u00bb header_3_font_size_last_edited=\u00a0\u00bbon|phone\u00a0\u00bb global_colors_info=\u00a0\u00bb{}\u00a0\u00bb disabled=\u00a0\u00bbon\u00a0\u00bb]<\/p>\n<h3>Collecte de miel<\/h3>\n<p>[\/et_pb_text][et_pb_text _builder_version=\u00a0\u00bb4.27.4&Prime; _module_preset=\u00a0\u00bbdefault\u00a0\u00bb header_5_text_align=\u00a0\u00bbcenter\u00a0\u00bb max_width=\u00a0\u00bb80%\u00a0\u00bb max_width_tablet=\u00a0\u00bb80%\u00a0\u00bb max_width_phone=\u00a0\u00bb100%\u00a0\u00bb max_width_last_edited=\u00a0\u00bbon|phone\u00a0\u00bb module_alignment=\u00a0\u00bbcenter\u00a0\u00bb hover_enabled=\u00a0\u00bb0&Prime; locked=\u00a0\u00bboff\u00a0\u00bb global_colors_info=\u00a0\u00bb{}\u00a0\u00bb sticky_enabled=\u00a0\u00bb0&Prime;]<\/p>\n<h5>La cueillette de miel est tr\u00e8s importante dans la culture Baka.<\/h5>\n<p>[\/et_pb_text][\/et_pb_column][\/et_pb_row][et_pb_row column_structure=\u00a0\u00bb1_2,1_2&Prime; use_custom_gutter=\u00a0\u00bbon\u00a0\u00bb gutter_width=\u00a0\u00bb4&Prime; _builder_version=\u00a0\u00bb4.24.3&Prime; _module_preset=\u00a0\u00bbdefault\u00a0\u00bb width=\u00a0\u00bb90%\u00a0\u00bb custom_margin=\u00a0\u00bb||||false|false\u00a0\u00bb custom_padding=\u00a0\u00bb0px||0px||false|false\u00a0\u00bb locked=\u00a0\u00bboff\u00a0\u00bb global_colors_info=\u00a0\u00bb{}\u00a0\u00bb][et_pb_column type=\u00a0\u00bb1_2&Prime; _builder_version=\u00a0\u00bb4.24.2&Prime; _module_preset=\u00a0\u00bbdefault\u00a0\u00bb custom_padding=\u00a0\u00bb0px|40px|0px|40px|false|false\u00a0\u00bb custom_padding_tablet=\u00a0\u00bb0px|40px|0px|40px|false|false\u00a0\u00bb custom_padding_phone=\u00a0\u00bb0px|0px|40px|0px|false|false\u00a0\u00bb custom_padding_last_edited=\u00a0\u00bbon|tablet\u00a0\u00bb animation_style=\u00a0\u00bbslide\u00a0\u00bb animation_direction=\u00a0\u00bbbottom\u00a0\u00bb animation_duration=\u00a0\u00bb600ms\u00a0\u00bb animation_delay=\u00a0\u00bb500ms\u00a0\u00bb animation_intensity_slide=\u00a0\u00bb10%\u00a0\u00bb animation_speed_curve=\u00a0\u00bbease\u00a0\u00bb custom_css_main_element=\u00a0\u00bb||margin: auto;\u00a0\u00bb global_colors_info=\u00a0\u00bb{}\u00a0\u00bb background__hover_enabled=\u00a0\u00bbon|hover\u00a0\u00bb][et_pb_text _builder_version=\u00a0\u00bb4.24.0&Prime; _module_preset=\u00a0\u00bbdefault\u00a0\u00bb locked=\u00a0\u00bboff\u00a0\u00bb global_colors_info=\u00a0\u00bb{}\u00a0\u00bb]<\/p>\n<p>Traditionnellement r\u00e9serv\u00e9 aux hommes, il est consid\u00e9r\u00e9 comme dangereux et demande beaucoup d&rsquo;habilet\u00e9 et de courage.<\/p>\n<p>Au sein de leur culture, les Baka distinguent sept types de miel diff\u00e9rents, produits par des abeilles diff\u00e9rentes.<\/p>\n<p>Chaque type de miel est appr\u00e9ci\u00e9 pour ses propri\u00e9t\u00e9s sp\u00e9cifiques.<\/p>\n<p>Ainsi, certaines, bien que rares, sont particuli\u00e8rement sucr\u00e9es, d&rsquo;autres sont donn\u00e9es aux femmes en travail car elles peuvent faciliter l&rsquo;accouchement. D&rsquo;autres encore sont utilis\u00e9es pour la chasse, en \u00e9tant appliqu\u00e9es sur le front des chasseurs pour leur porter chance et succ\u00e8s \u00e0 la chasse. <\/p>\n<p>Une vari\u00e9t\u00e9 au petit d\u00e9jeuner permet de tenir toute la journ\u00e9e sans avoir faim et une autre a des vertus calmantes et laxatives. Cette derni\u00e8re peut \u00eatre utilis\u00e9e pour purifier les personnes soup\u00e7onn\u00e9es de sorcellerie.<br \/>Avec une vari\u00e9t\u00e9, on peut v\u00e9rifier l&rsquo;origine d&rsquo;un b\u00e9b\u00e9, car certains enfants peuvent \u00eatre des r\u00e9incarnations d&rsquo;esprits de la for\u00eat. <\/p>\n<p>Dans la culture Baka, offrir des morceaux de miel est un \u00e9l\u00e9ment important de la r\u00e9ception d&rsquo;invit\u00e9s de marque.<br \/>Au-del\u00e0 de sa fonction physiologique, le miel est associ\u00e9 \u00e0 une signification sociale profonde dans la culture Baka. Il favorise la solidarit\u00e9, la paix et la coh\u00e9sion sociale. <\/p>\n<p>[\/et_pb_text][\/et_pb_column][et_pb_column type=\u00a0\u00bb1_2&Prime; _builder_version=\u00a0\u00bb4.24.3&Prime; _module_preset=\u00a0\u00bbdefault\u00a0\u00bb custom_padding=\u00a0\u00bb0px|40px|0px|40px|false|false\u00a0\u00bb custom_padding_tablet=\u00a0\u00bb40px|40px|40px|40px|false|false\u00a0\u00bb custom_padding_phone=\u00a0\u00bb0px|0px|40px|0px|false|false\u00a0\u00bb custom_padding_last_edited=\u00a0\u00bbon|phone\u00a0\u00bb animation_style=\u00a0\u00bbslide\u00a0\u00bb animation_direction=\u00a0\u00bbbottom\u00a0\u00bb animation_duration=\u00a0\u00bb600ms\u00a0\u00bb animation_delay=\u00a0\u00bb500ms\u00a0\u00bb animation_intensity_slide=\u00a0\u00bb10%\u00a0\u00bb animation_speed_curve=\u00a0\u00bbease\u00a0\u00bb custom_css_main_element=\u00a0\u00bb||margin: auto;\u00a0\u00bb global_colors_info=\u00a0\u00bb{}\u00a0\u00bb background__hover_enabled=\u00a0\u00bbon|hover\u00a0\u00bb][deg_elastic_gallery gallery_mode=\u00a0\u00bbminimized\u00a0\u00bb gallery_minimized_limit=\u00a0\u00bb1&Prime; gallery_minimized_text=\u00a0\u00bbBildergalerie Honig\u00a0\u00bb gallery_minimized_overlay_color=\u00a0\u00bbgcid-f5a2d019-b50b-4925-93c1-7ca3e563ed14&Prime; gallery_ids=\u00a0\u00bb255710,255712,255709,255708,255711&Prime; row_height=\u00a0\u00bb300&Prime; gutter=\u00a0\u00bb0&Prime; modal_title=\u00a0\u00bbtitle_caption\u00a0\u00bb overlay_content_animation=\u00a0\u00bbdeg-right-enter\u00a0\u00bb _builder_version=\u00a0\u00bb4.27.2&Prime; _module_preset=\u00a0\u00bbdefault\u00a0\u00bb gallery_minimized_text_text_align=\u00a0\u00bbcenter\u00a0\u00bb gallery_minimized_text_font_size=\u00a0\u00bb36px\u00a0\u00bb background_enable_color=\u00a0\u00bboff\u00a0\u00bb custom_margin=\u00a0\u00bb0px||0px||false|false\u00a0\u00bb custom_padding=\u00a0\u00bb0px||0px||false|false\u00a0\u00bb custom_css_main_element=\u00a0\u00bb||\u00a0\u00bb custom_css_free_form=\u00a0\u00bb.mfp-bg {||background: black !important;||opacity: 0.9 !important;||}||.mfp-arrow-right .mfp-a, .mfp-arrow-right:after {||content: \u201c%9224\u201d !important;||||}||.mfp-arrow-left .mfp-a, .mfp-arrow-left:after {||content: \u201c%9223\u201d !important;||||}||||\u00a0\u00bb border_color_all=\u00a0\u00bbgcid-68167592-93bf-42e1-b647-be2741e2671d\u00a0\u00bb border_width_all_image=\u00a0\u00bb10px\u00a0\u00bb border_color_all_image=\u00a0\u00bbgcid-68167592-93bf-42e1-b647-be2741e2671d\u00a0\u00bb locked=\u00a0\u00bboff\u00a0\u00bb global_colors_info=\u00a0\u00bb{%22gcid-68167592-93bf-42e1-b647-be2741e2671d%22:%91%22border_color_all%22,%22border_color_all_image%22%93,%22gcid-f5a2d019-b50b-4925-93c1-7ca3e563ed14%22:%91%22gallery_minimized_overlay_color%22%93}\u00a0\u00bb][\/deg_elastic_gallery][et_pb_image src=\u00a0\u00bbhttps:\/\/baka-libuna.ch\/wp-content\/uploads\/2024\/04\/DSC1301-07b6b3f1_1200.jpg\u00a0\u00bb title_text=\u00a0\u00bb_DSC1301-07b6b3f1_1200&Prime; align=\u00a0\u00bbright\u00a0\u00bb align_tablet=\u00a0\u00bbcenter\u00a0\u00bb align_phone=\u00a0\u00bbcenter\u00a0\u00bb align_last_edited=\u00a0\u00bbon|tablet\u00a0\u00bb disabled_on=\u00a0\u00bboff|off|off\u00a0\u00bb _builder_version=\u00a0\u00bb4.25.0&Prime; _module_preset=\u00a0\u00bbdefault\u00a0\u00bb custom_margin=\u00a0\u00bb0px|0px|0px|0px|false|false\u00a0\u00bb custom_margin_tablet=\u00a0\u00bb45px||||false|false\u00a0\u00bb custom_margin_phone=\u00a0\u00bb0px||||false|false\u00a0\u00bb custom_margin_last_edited=\u00a0\u00bbon|tablet\u00a0\u00bb custom_padding=\u00a0\u00bb0px|0px|0px|0px|false|false\u00a0\u00bb border_width_all=\u00a0\u00bb10px\u00a0\u00bb border_color_all=\u00a0\u00bbgcid-68167592-93bf-42e1-b647-be2741e2671d\u00a0\u00bb locked=\u00a0\u00bboff\u00a0\u00bb global_colors_info=\u00a0\u00bb{%22gcid-68167592-93bf-42e1-b647-be2741e2671d%22:%91%22border_color_all%22%93}\u00a0\u00bb][\/et_pb_image][et_pb_text _builder_version=\u00a0\u00bb4.25.0&Prime; _module_preset=\u00a0\u00bbdefault\u00a0\u00bb text_font=\u00a0\u00bbDM Sans||||||||\u00a0\u00bb text_text_color=\u00a0\u00bb#016000&Prime; text_line_height=\u00a0\u00bb1.3em\u00a0\u00bb background_color=\u00a0\u00bbgcid-68167592-93bf-42e1-b647-be2741e2671d\u00a0\u00bb custom_margin=\u00a0\u00bb0px|0px|40px|0px|false|false\u00a0\u00bb custom_padding=\u00a0\u00bb20px|40px|30px|40px|false|false\u00a0\u00bb locked=\u00a0\u00bboff\u00a0\u00bb global_colors_info=\u00a0\u00bb{%22gcid-8320afa5-9432-42fb-bd35-c88e7c83c468%22:%91%22header_4_text_color%22,%22header_4_text_color%22,%22header_4_text_color%22%93,%22gcid-68167592-93bf-42e1-b647-be2741e2671d%22:%91%22background_color%22%93}\u00a0\u00bb]<\/p>\n<p style=\"font-weight: 400;\">vari\u00e9t\u00e9s de miel :<\/p>\n<p style=\"font-weight: 400;\">Poki<br \/>Dandu<br \/>Molingui<br \/>Moupap\u00e9l\u00e9<br \/>Ebolo<br \/>Njenje<br \/>Nfend\u00e8<br \/>P\u00e8nu<\/p>\n<p>[\/et_pb_text][\/et_pb_column][\/et_pb_row][\/et_pb_section]<\/p>\n","protected":false},"excerpt":{"rendered":"<p>MielCollecte de mielLa cueillette de miel est tr\u00e8s importante dans la culture Baka.Traditionnellement r\u00e9serv\u00e9 aux hommes, il est consid\u00e9r\u00e9 comme dangereux et demande beaucoup d&rsquo;habilet\u00e9 et de courage. Au sein de leur culture, les Baka distinguent sept types de miel diff\u00e9rents, produits par des abeilles diff\u00e9rentes. Chaque type de miel est appr\u00e9ci\u00e9 pour ses propri\u00e9t\u00e9s [&hellip;]<\/p>\n","protected":false},"author":1,"featured_media":0,"parent":0,"menu_order":0,"comment_status":"closed","ping_status":"closed","template":"","meta":{"_acf_changed":false,"_et_pb_use_builder":"on","_et_pb_old_content":"","_et_gb_content_width":"","footnotes":""},"class_list":["post-256083","page","type-page","status-publish","hentry"],"acf":[],"_links":{"self":[{"href":"https:\/\/baka-libuna.ch\/fr\/wp-json\/wp\/v2\/pages\/256083","targetHints":{"allow":["GET"]}}],"collection":[{"href":"https:\/\/baka-libuna.ch\/fr\/wp-json\/wp\/v2\/pages"}],"about":[{"href":"https:\/\/baka-libuna.ch\/fr\/wp-json\/wp\/v2\/types\/page"}],"author":[{"embeddable":true,"href":"https:\/\/baka-libuna.ch\/fr\/wp-json\/wp\/v2\/users\/1"}],"replies":[{"embeddable":true,"href":"https:\/\/baka-libuna.ch\/fr\/wp-json\/wp\/v2\/comments?post=256083"}],"version-history":[{"count":7,"href":"https:\/\/baka-libuna.ch\/fr\/wp-json\/wp\/v2\/pages\/256083\/revisions"}],"predecessor-version":[{"id":257059,"href":"https:\/\/baka-libuna.ch\/fr\/wp-json\/wp\/v2\/pages\/256083\/revisions\/257059"}],"wp:attachment":[{"href":"https:\/\/baka-libuna.ch\/fr\/wp-json\/wp\/v2\/media?parent=256083"}],"curies":[{"name":"wp","href":"https:\/\/api.w.org\/{rel}","templated":true}]}}